{"id":7565,"date":"2024-03-23T04:14:15","date_gmt":"2024-03-23T01:14:15","guid":{"rendered":"http:\/\/ayselgullehukuk.com\/?page_id=7565"},"modified":"2024-05-03T14:50:44","modified_gmt":"2024-05-03T11:50:44","slug":"ouvrages","status":"publish","type":"page","link":"https:\/\/ayselgullehukuk.com\/fr\/ouvrages\/","title":{"rendered":"Ouvrages"},"content":{"rendered":"<div class=\"wpb-content-wrapper\"><div class=\"vc_row wpb_row vc_row-fluid\"><div class=\"wpb_column vc_column_container vc_col-sm-12\"><div class=\"vc_column-inner\"><div class=\"wpb_wrapper\">\n<div class=\"vc_grid-container-wrapper vc_clearfix vc_grid-animation-fadeIn\">\n\t<div class=\"vc_grid-container vc_clearfix wpb_content_element vc_basic_grid\" data-initial-loading-animation=\"fadeIn\" data-vc-grid-settings=\"{&quot;page_id&quot;:7565,&quot;style&quot;:&quot;all&quot;,&quot;action&quot;:&quot;vc_get_vc_grid_data&quot;,&quot;shortcode_id&quot;:&quot;1714737002939-6d37fa17-b9a2-9&quot;,&quot;tag&quot;:&quot;vc_basic_grid&quot;}\" data-vc-request=\"https:\/\/ayselgullehukuk.com\/fr\/wp-admin\/admin-ajax.php\" data-vc-post-id=\"7565\" data-vc-public-nonce=\"79aec26ecb\">\n\t\t<style data-type=\"vc_shortcodes-custom-css\">.vc_custom_1711658102525{padding-right: 15px !important;padding-left: 15px !important;background-color: #405f5d !important;}.vc_custom_1419002184955{padding-right: 15px !important;padding-left: 15px !important;}<\/style><ul class=\"vc_grid-filter vc_clearfix vc_grid-filter-default vc_grid-filter-size-md vc_grid-filter-center vc_grid-filter-color-grey\" data-vc-grid-filter=\"category\"><li class=\"vc_active vc_grid-filter-item\"><span data-vc-grid-filter-value=\"*\">Tous<\/span><\/li><li class=\"vc_grid-filter-item\"><span data-vc-grid-filter-value=\".vc_grid-term-39\">Livres<\/span><\/li><li class=\"vc_grid-filter-item\"><span data-vc-grid-filter-value=\".vc_grid-term-38\">\u00c9v\u00e9nements<\/span><\/li><\/ul><div class=\"vc_grid-filter-select vc_grid-filter-center vc_grid-filter-color-grey\" data-vc-grid-filter-select=\"category\"><div class=\"vc_grid-styled-select\"><select data-filter=\"category\"><option class=\"vc_active\" value=\"*\">Tous&nbsp;&nbsp;&nbsp;&nbsp;&nbsp;&nbsp;&nbsp;&nbsp;&nbsp;&nbsp;<\/option><option value=\".vc_grid-term-39\">Livres&nbsp;&nbsp;&nbsp;&nbsp;&nbsp;&nbsp;&nbsp;&nbsp;&nbsp;&nbsp;<\/option><option value=\".vc_grid-term-38\">\u00c9v\u00e9nements&nbsp;&nbsp;&nbsp;&nbsp;&nbsp;&nbsp;&nbsp;&nbsp;&nbsp;&nbsp;<\/option><\/select><i class=\"vc_arrow-icon-navicon\"><\/i>\n\t\t<\/div>\n\t<\/div><div class=\"vc_grid vc_row vc_grid-gutter-30px vc_pageable-wrapper vc_hook_hover\" data-vc-pageable-content=\"true\"><div class=\"vc_pageable-slide-wrapper vc_clearfix\" data-vc-grid-content=\"true\"><div class=\"vc_grid-item vc_clearfix vc_col-sm-4 vc_grid-term-38\"><div class=\"vc_grid-item-mini vc_clearfix \"><div class=\"vc_gitem-animated-block  vc_gitem-animate vc_gitem-animate-flipHorizontalFadeIn\"  data-vc-animation=\"flipHorizontalFadeIn\"><div class=\"vc_gitem-zone vc_gitem-zone-a vc_custom_1711658102525 vc-gitem-zone-height-mode-auto vc-gitem-zone-height-mode-auto-1-1\"><div class=\"vc_gitem-zone-mini\"><div class=\"vc_gitem_row vc_row vc_gitem-row-position-middle\"><div class=\"vc_col-sm-12 vc_gitem-col vc_gitem-col-align-\"><div class=\"vc_custom_heading vc_gitem-post-data vc_gitem-post-data-source-post_title\" ><div style=\"font-size: 24px;color: #ffffff;line-height: 1.3;text-align: left\" >L\u2019ATEL\u0130ER DRO\u0130T DE LA PROPR\u0130\u00c9T\u00c9 INTELLECTUELLE 88: Les Acteurs\/Les Actrisses et Leurs Droits Selon Leurs Contract de Travail<\/div><\/div><div class=\"vc_separator wpb_content_element vc_separator_align_center vc_sep_width_100 vc_sep_pos_align_center vc_separator_no_text vc_sep_color_grey\" ><span class=\"vc_sep_holder vc_sep_holder_l\"><span class=\"vc_sep_line\"><\/span><\/span><span class=\"vc_sep_holder vc_sep_holder_r\"><span class=\"vc_sep_line\"><\/span><\/span>\n<\/div><div class=\"vc_custom_heading vc_gitem-post-data vc_gitem-post-data-source-post_excerpt\" ><div style=\"font-size: 14px;color: #e2e2e2;line-height: 1.3;text-align: left\" ><p>L\u2019ordre du jour de la r\u00e9union, dont Aysel G\u00fclle (Avocate\/Dr) sera l\u2019invit\u00e9e, sera\u00a0<em>\u201cles droits des acteurs\/des actrisses qui travaille sous un contrat de travail<\/p>\n<\/div><\/div><\/div><\/div><\/div><\/div><div class=\"vc_gitem-zone vc_gitem-zone-b vc-gitem-zone-height-mode-auto vc_gitem-is-link\" style=\"background-image: url('https:\/\/ayselgullehukuk.com\/fr\/wp-content\/uploads\/2024\/03\/blog-res01-fr.jpg') !important;\"><a href=\"https:\/\/ayselgullehukuk.com\/fr\/latelier-droit-de-la-propriete-intellectuelle-88-les-acteurs-les-actrisses-et-leurs-droits-selon-leurs-contract-de-travail\/\" title=\"L\u2019ATEL\u0130ER DRO\u0130T DE LA PROPR\u0130\u00c9T\u00c9 INTELLECTUELLE 88: Les Acteurs\/Les Actrisses et Leurs Droits Selon Leurs Contract de Travail\" class=\"vc_gitem-link vc-zone-link\" ><\/a><img decoding=\"async\" class=\"vc_gitem-zone-img\" src=\"https:\/\/ayselgullehukuk.com\/fr\/wp-content\/uploads\/2024\/03\/blog-res01-fr.jpg\" alt=\"L\u2019ordre du jour de la r\u00e9union, dont Aysel G\u00fclle (Avocate\/Dr) sera l\u2019invit\u00e9e, sera\u00a0\u201cles droits des acteurs\/des actrisses qui travaille sous un contrat de travail\" loading=\"lazy\"><div class=\"vc_gitem-zone-mini\"><\/div><\/div><\/div><\/div><div class=\"vc_clearfix\"><\/div><\/div><div class=\"vc_grid-item vc_clearfix vc_col-sm-4 vc_grid-term-38\"><div class=\"vc_grid-item-mini vc_clearfix \"><div class=\"vc_gitem-animated-block  vc_gitem-animate vc_gitem-animate-flipHorizontalFadeIn\"  data-vc-animation=\"flipHorizontalFadeIn\"><div class=\"vc_gitem-zone vc_gitem-zone-a vc_custom_1711658102525 vc-gitem-zone-height-mode-auto vc-gitem-zone-height-mode-auto-1-1\"><div class=\"vc_gitem-zone-mini\"><div class=\"vc_gitem_row vc_row vc_gitem-row-position-middle\"><div class=\"vc_col-sm-12 vc_gitem-col vc_gitem-col-align-\"><div class=\"vc_custom_heading vc_gitem-post-data vc_gitem-post-data-source-post_title\" ><div style=\"font-size: 24px;color: #ffffff;line-height: 1.3;text-align: left\" >La pouvoir d\u2019utilisation de l\u2019employeur sur les droits connexes des acteurs<\/div><\/div><div class=\"vc_separator wpb_content_element vc_separator_align_center vc_sep_width_100 vc_sep_pos_align_center vc_separator_no_text vc_sep_color_grey\" ><span class=\"vc_sep_holder vc_sep_holder_l\"><span class=\"vc_sep_line\"><\/span><\/span><span class=\"vc_sep_holder vc_sep_holder_r\"><span class=\"vc_sep_line\"><\/span><\/span>\n<\/div><div class=\"vc_custom_heading vc_gitem-post-data vc_gitem-post-data-source-post_excerpt\" ><div style=\"font-size: 14px;color: #e2e2e2;line-height: 1.3;text-align: left\" ><p>Advocate Dr. Aysel G\u00fclle, la co-fondatrice du cabinet d\u2019avocats, pr\u00e9sentera son avis titr\u00e9 \u201cLa pouvoir d\u2019utilisation de l\u2019employeur sur les droits connexes des acteurs\u201d au 3eme session du symposium nomm\u00e9<\/p>\n<\/div><\/div><\/div><\/div><\/div><\/div><div class=\"vc_gitem-zone vc_gitem-zone-b vc-gitem-zone-height-mode-auto vc_gitem-is-link\" style=\"background-image: url('https:\/\/ayselgullehukuk.com\/fr\/wp-content\/uploads\/2024\/03\/blog-res01-fr.jpg') !important;\"><a href=\"https:\/\/ayselgullehukuk.com\/fr\/la-pouvoir-dutilisation-de-lemployeur-sur-les-droits-connexes-des-acteurs\/\" title=\"La pouvoir d\u2019utilisation de l\u2019employeur sur les droits connexes des acteurs\" class=\"vc_gitem-link vc-zone-link\" ><\/a><img decoding=\"async\" class=\"vc_gitem-zone-img\" src=\"https:\/\/ayselgullehukuk.com\/fr\/wp-content\/uploads\/2024\/03\/blog-res01-fr.jpg\" alt=\"Advocate Dr. Aysel G\u00fclle, la co-fondatrice du cabinet d\u2019avocats, pr\u00e9sentera son avis titr\u00e9 \u201cLa pouvoir d\u2019utilisation de l\u2019employeur sur les droits connexes des acteurs\u201d au 3eme session du symposium nomm\u00e9\" loading=\"lazy\"><div class=\"vc_gitem-zone-mini\"><\/div><\/div><\/div><\/div><div class=\"vc_clearfix\"><\/div><\/div><div class=\"vc_grid-item vc_clearfix vc_col-sm-4 vc_grid-term-39\"><div class=\"vc_grid-item-mini vc_clearfix \"><div class=\"vc_gitem-animated-block  vc_gitem-animate vc_gitem-animate-flipHorizontalFadeIn\"  data-vc-animation=\"flipHorizontalFadeIn\"><div class=\"vc_gitem-zone vc_gitem-zone-a vc_custom_1711658102525 vc-gitem-zone-height-mode-auto vc-gitem-zone-height-mode-auto-1-1\"><div class=\"vc_gitem-zone-mini\"><div class=\"vc_gitem_row vc_row vc_gitem-row-position-middle\"><div class=\"vc_col-sm-12 vc_gitem-col vc_gitem-col-align-\"><div class=\"vc_custom_heading vc_gitem-post-data vc_gitem-post-data-source-post_title\" ><div style=\"font-size: 24px;color: #ffffff;line-height: 1.3;text-align: left\" >L\u2019Acteur\/L\u2019Actrisse en Droit du Travail et de la S\u00e9curit\u00e9 Sociale<\/div><\/div><div class=\"vc_separator wpb_content_element vc_separator_align_center vc_sep_width_100 vc_sep_pos_align_center vc_separator_no_text vc_sep_color_grey\" ><span class=\"vc_sep_holder vc_sep_holder_l\"><span class=\"vc_sep_line\"><\/span><\/span><span class=\"vc_sep_holder vc_sep_holder_r\"><span class=\"vc_sep_line\"><\/span><\/span>\n<\/div><div class=\"vc_custom_heading vc_gitem-post-data vc_gitem-post-data-source-post_excerpt\" ><div style=\"font-size: 14px;color: #e2e2e2;line-height: 1.3;text-align: left\" ><p>Auteure: Aysel G\u00fclle, Dr<br \/>\nMaison d\u2019\u00e9dition:\u00a0Beta<br \/>\nDate d\u2019\u00e9dition: 2021 Ao\u00fbt<br \/>\nLieu d\u2019\u00e9dition: Istanbul<br \/>\nNombre de pages: 340<\/p>\n<\/div><\/div><\/div><\/div><\/div><\/div><div class=\"vc_gitem-zone vc_gitem-zone-b vc-gitem-zone-height-mode-auto vc_gitem-is-link\" style=\"background-image: url('https:\/\/ayselgullehukuk.com\/fr\/wp-content\/uploads\/2024\/03\/blog-res01-fr.jpg') !important;\"><a href=\"https:\/\/ayselgullehukuk.com\/fr\/is-ve-sosyal-guvenlik-hukukunda-oyuncu\/\" title=\"L\u2019Acteur\/L\u2019Actrisse en Droit du Travail et de la S\u00e9curit\u00e9 Sociale\" class=\"vc_gitem-link vc-zone-link\" ><\/a><img decoding=\"async\" class=\"vc_gitem-zone-img\" src=\"https:\/\/ayselgullehukuk.com\/fr\/wp-content\/uploads\/2024\/03\/blog-res01-fr.jpg\" alt=\"Auteure: Aysel G\u00fclle, Dr\r\nMaison d\u2019\u00e9dition:\u00a0Beta\r\nDate d\u2019\u00e9dition: 2021 Ao\u00fbt\r\nLieu d\u2019\u00e9dition: Istanbul\r\nNombre de pages: 340\" loading=\"lazy\"><div class=\"vc_gitem-zone-mini\"><\/div><\/div><\/div><\/div><div class=\"vc_clearfix\"><\/div><\/div><\/div><\/div>\n\t<\/div>\n<\/div><\/div><\/div><\/div><\/div>\n<\/div>","protected":false},"excerpt":{"rendered":"TousLivres\u00c9v\u00e9nementsTous&nbsp;&nbsp;&nbsp;&nbsp;&nbsp;&nbsp;&nbsp;&nbsp;&nbsp;&nbsp;Livres&nbsp;&nbsp;&nbsp;&nbsp;&nbsp;&nbsp;&nbsp;&nbsp;&nbsp;&nbsp;\u00c9v\u00e9nements&nbsp;&nbsp;&nbsp;&nbsp;&nbsp;&nbsp;&nbsp;&nbsp;&nbsp;&nbsp; L\u2019ATEL\u0130ER DRO\u0130T DE LA PROPR\u0130\u00c9T\u00c9 INTELLECTUELLE 88: Les Acteurs\/Les Actrisses et Leurs Droits Selon Leurs Contract de Travail L\u2019ordre du jour de la r\u00e9union, dont Aysel G\u00fclle (Avocate\/Dr) sera l\u2019invit\u00e9e, sera\u00a0\u201cles droits des acteurs\/des actrisses qui travaille sous un contrat de travail La pouvoir d\u2019utilisation de l\u2019employeur sur les droits connexes des acteurs Advocate [...]","protected":false},"author":1,"featured_media":0,"parent":0,"menu_order":0,"comment_status":"closed","ping_status":"closed","template":"","meta":{"footnotes":""},"class_list":["post-7565","page","type-page","status-publish","hentry"],"_links":{"self":[{"href":"https:\/\/ayselgullehukuk.com\/fr\/wp-json\/wp\/v2\/pages\/7565","targetHints":{"allow":["GET"]}}],"collection":[{"href":"https:\/\/ayselgullehukuk.com\/fr\/wp-json\/wp\/v2\/pages"}],"about":[{"href":"https:\/\/ayselgullehukuk.com\/fr\/wp-json\/wp\/v2\/types\/page"}],"author":[{"embeddable":true,"href":"https:\/\/ayselgullehukuk.com\/fr\/wp-json\/wp\/v2\/users\/1"}],"replies":[{"embeddable":true,"href":"https:\/\/ayselgullehukuk.com\/fr\/wp-json\/wp\/v2\/comments?post=7565"}],"version-history":[{"count":6,"href":"https:\/\/ayselgullehukuk.com\/fr\/wp-json\/wp\/v2\/pages\/7565\/revisions"}],"predecessor-version":[{"id":7960,"href":"https:\/\/ayselgullehukuk.com\/fr\/wp-json\/wp\/v2\/pages\/7565\/revisions\/7960"}],"wp:attachment":[{"href":"https:\/\/ayselgullehukuk.com\/fr\/wp-json\/wp\/v2\/media?parent=7565"}],"curies":[{"name":"wp","href":"https:\/\/api.w.org\/{rel}","templated":true}]}}