{"id":7824,"date":"2024-05-02T00:29:30","date_gmt":"2024-05-01T21:29:30","guid":{"rendered":"https:\/\/ayselgullehukuk.com\/?page_id=7824"},"modified":"2024-05-02T02:00:47","modified_gmt":"2024-05-01T23:00:47","slug":"term-of-use","status":"publish","type":"page","link":"https:\/\/ayselgullehukuk.com\/en\/term-of-use\/","title":{"rendered":"Term of Use"},"content":{"rendered":"<p><strong>SAYIN KULLANICILAR ve Z\u0130YARET\u00c7\u0130LER<\/strong><\/p>\n<p>Bu web sitesindeki her t\u00fcrl\u00fc materyal ve bilgiler sadece bilgilendirme ama\u00e7l\u0131 olarak haz\u0131rlanm\u0131\u015ft\u0131r. Burada yay\u0131mlanan hi\u00e7bir belge veya bilgi hukuki tavsiyede bulunmak veya bir avukat-m\u00fcvekkil ili\u015fkisi olu\u015fturmak i\u00e7in tasarlanmam\u0131\u015ft\u0131r. Tavsiye arad\u0131\u011f\u0131n\u0131z konunun \u00f6zelliklerine uygun olarak, Baroya kay\u0131tl\u0131 bir avukattan hukuki destek almadan, sadece bu web sitesinin i\u00e7eri\u011fine g\u00f6re hukuki i\u015flem yap\u0131lmamal\u0131d\u0131r.<\/p>\n<p>Aysel G\u00fclle Hukuk B\u00fcrosu, bu web sitesinde yer alan i\u00e7eriklerde diledi\u011fi zaman de\u011fi\u015fiklik yapabilir ve Kullan\u0131m Ko\u015fullar\u0131nda diledi\u011fi zaman g\u00fcncelleme, ekleme yapabilir veya h\u00fck\u00fcmleri \u00e7\u0131karabilir. Bu web sitesini kullanarak, t\u00fcm Kullan\u0131m Ko\u015fullar\u0131n\u0131 kabul etmi\u015f olursunuz; Kullan\u0131m Ko\u015fullar\u0131ndan herhangi birini kabul etmiyorsan\u0131z, bu web sitesini kullanmay\u0131 derhal b\u0131rakmal\u0131s\u0131n\u0131z.<\/p>\n<p><strong>KULLANIM \u015eARTLARI<\/strong><br \/>\nBu web sitesi T\u00fcrkiye Barolar Birli\u011fi Meslek Kurallar\u0131 ve \u00f6zellikle avukatlar\u0131n reklam\u0131n\u0131 yasaklayan d\u00fczenlemelere uygun olarak yay\u0131nlanm\u0131\u015ft\u0131r.<br \/>\nWeb sitemiz reklam ama\u00e7l\u0131 veya ticari ama\u00e7la kullan\u0131lma amac\u0131 ta\u015f\u0131mamaktad\u0131r. Bu web sitesinin ziyaret\u00e7ileri bu h\u00fck\u00fcm ve ko\u015fullar\u0131 pe\u015finen kabul eder. Web Sitesinde bulunan i\u00e7eri\u011fin genel bir bilgi kayna\u011f\u0131 olmas\u0131 ama\u00e7lanm\u0131\u015ft\u0131r. Ziyaret\u00e7ilerin burada yer alan bilgileri do\u011frulamalar\u0131 \u00f6nerilir. Aysel G\u00fclle Hukuk B\u00fcrosu\u2019nun web sitesini yay\u0131nlamas\u0131n\u0131, herhangi bir hizmetin kalitesinin veya kullan\u0131labilirli\u011finin garantisi veya garantisi olarak yorumlanamaz.<\/p>\n<p>Bu web sitesinde yay\u0131nlanan ve ofisin logosu d\u00e2hil ancak bunlarla s\u0131n\u0131rl\u0131 olmayan t\u00fcm materyallerin fikri m\u00fclkiyet haklar\u0131 Aysel G\u00fclle Hukuk B\u00fcrosu\u2019na aittir ve hukuk b\u00fcrosunun a\u00e7\u0131k yaz\u0131l\u0131 izni olmaks\u0131z\u0131n kopyalanamaz, \u00e7o\u011falt\u0131lamaz ve kullan\u0131lamaz.<\/p>\n<p>Bu sitedeki herhangi bir materyalin g\u00f6r\u00fcnt\u00fclenmesinden, kopyalanmas\u0131ndan ya da indirilmesinden kaynaklanan hi\u00e7bir zarardan dolay\u0131 Aysel G\u00fclle Hukuk B\u00fcrosu sorumlu tutulamaz.<br \/>\nBu Kullan\u0131m Ko\u015fullar\u0131 veya di\u011fer herhangi bir konu ile ilgili herhangi bir bildirim veya soru ile ilgili olarak, info@agullehukuk.com adresinden e-posta g\u00f6ndererek bizimle ileti\u015fime ge\u00e7ebilirsiniz.<\/p>\n","protected":false},"excerpt":{"rendered":"<p>SAYIN KULLANICILAR ve Z\u0130YARET\u00c7\u0130LER Bu web sitesindeki her t\u00fcrl\u00fc materyal ve bilgiler sadece bilgilendirme ama\u00e7l\u0131 olarak haz\u0131rlanm\u0131\u015ft\u0131r. Burada yay\u0131mlanan hi\u00e7bir belge veya bilgi hukuki tavsiyede bulunmak veya bir avukat-m\u00fcvekkil ili\u015fkisi olu\u015fturmak i\u00e7in tasarlanmam\u0131\u015ft\u0131r. Tavsiye arad\u0131\u011f\u0131n\u0131z konunun \u00f6zelliklerine uygun olarak, Baroya kay\u0131tl\u0131 bir avukattan hukuki destek almadan, sadece bu web sitesinin i\u00e7eri\u011fine g\u00f6re hukuki i\u015flem yap\u0131lmamal\u0131d\u0131r. [&hellip;]<\/p>\n","protected":false},"author":1,"featured_media":0,"parent":0,"menu_order":0,"comment_status":"closed","ping_status":"closed","template":"","meta":{"footnotes":""},"class_list":["post-7824","page","type-page","status-publish","hentry"],"_links":{"self":[{"href":"https:\/\/ayselgullehukuk.com\/en\/wp-json\/wp\/v2\/pages\/7824","targetHints":{"allow":["GET"]}}],"collection":[{"href":"https:\/\/ayselgullehukuk.com\/en\/wp-json\/wp\/v2\/pages"}],"about":[{"href":"https:\/\/ayselgullehukuk.com\/en\/wp-json\/wp\/v2\/types\/page"}],"author":[{"embeddable":true,"href":"https:\/\/ayselgullehukuk.com\/en\/wp-json\/wp\/v2\/users\/1"}],"replies":[{"embeddable":true,"href":"https:\/\/ayselgullehukuk.com\/en\/wp-json\/wp\/v2\/comments?post=7824"}],"version-history":[{"count":2,"href":"https:\/\/ayselgullehukuk.com\/en\/wp-json\/wp\/v2\/pages\/7824\/revisions"}],"predecessor-version":[{"id":7955,"href":"https:\/\/ayselgullehukuk.com\/en\/wp-json\/wp\/v2\/pages\/7824\/revisions\/7955"}],"wp:attachment":[{"href":"https:\/\/ayselgullehukuk.com\/en\/wp-json\/wp\/v2\/media?parent=7824"}],"curies":[{"name":"wp","href":"https:\/\/api.w.org\/{rel}","templated":true}]}}