{"id":7822,"date":"2024-05-02T00:27:58","date_gmt":"2024-05-01T21:27:58","guid":{"rendered":"https:\/\/ayselgullehukuk.com\/?page_id=7822"},"modified":"2024-05-02T02:00:30","modified_gmt":"2024-05-01T23:00:30","slug":"privacy-policy","status":"publish","type":"page","link":"https:\/\/ayselgullehukuk.com\/en\/privacy-policy\/","title":{"rendered":"Privacy Policy"},"content":{"rendered":"<p><strong>AYSEL G\u00dcLLE HUKUK B\u00dcROSU<\/strong><br \/>\n<strong>K\u0130\u015e\u0130SEL VER\u0130LER\u0130N \u0130\u015eLENMES\u0130NE \u0130L\u0130\u015eK\u0130N AYDINLATMA METN\u0130<\/strong><\/p>\n<p>G\u00fcncelleme Tarihi: 11.4.2024<br \/>\nVeri Sorumlusu: AYSEL G\u00dcLLE HUKUK B\u00dcROSU, Abdi \u0130pek\u00e7i Caddesi, Bostan Sokak, No:15\/5 Ni\u015fanta\u015f\u0131-\u0130stanbul<br \/>\nAYSEL G\u00dcLLE HUKUK B\u00dcROSU olarak hukuki faaliyetlerimiz kapsam\u0131nda i\u015fledi\u011fimiz ki\u015fisel veriler hakk\u0131nda sizleri 6698 say\u0131l\u0131 Ki\u015fisel Verilerin Korunmas\u0131 Kanunu (\u201cKVKK\u201d) ve di\u011fer ilgili veri koruma mevzuat\u0131 kapsam\u0131nda bilgilendirmek istiyoruz.<\/p>\n<p><strong>A. \u0130\u015flenen Ki\u015fisel Veriler<\/strong><br \/>\nAYSEL G\u00dcLLE HUKUK B\u00dcROSU Olarak Potansiyel M\u00fcvekkil S\u00fcre\u00e7lerimiz Kapsam\u0131nda Potansiyel\u00a0M\u00fcvekkillerimizin A\u015fa\u011f\u0131daki Ki\u015fisel Bilgilerini \u0130\u015flemekteyiz:<br \/>\n\u0130sim, Soyisim, E-Posta Adresi, \u0130\u015f Telefonu Numaras\u0131, Cep Telefonu Numaras\u0131, \u0130\u015f Yeri Adresi, \u0130\u015f Yeri \u0130smi\/\u00dcnvan\u0131, Pozisyon\/Unvan Bilgileri, Dava Dosyas\u0131ndaki Bilgiler, \u0130htarname\/\u0130hbarname Kapsam\u0131ndaki Bilgiler, S\u00f6zle\u015fme Kapsam\u0131ndaki Bilgiler, Talep Bilgisi.<br \/>\nAYSEL G\u00dcLLE HUKUK B\u00dcROSU Olarak Dava, Dan\u0131\u015fmanl\u0131k ve \u0130cra Departmanlar\u0131m\u0131z\u0131n \u0130\u015f S\u00fcre\u00e7leri Kapsam\u0131nda M\u00fcvekkillerimizin A\u015fa\u011f\u0131daki Ki\u015fisel Bilgilerini \u0130\u015flemekteyiz:<br \/>\n\u0130sim, Soyisim, T.C. Kimlik Numaras\u0131, Yabanc\u0131 Kimlik Numaras\u0131, Pasaport Numaras\u0131, Uyruk, Kimlik Fotokopisi,\u00a0 Pasaport Fotokopisi, \u0130mza, Foto\u011fraf, \u0130mza Sirk\u00fcleri Bilgileri, Vek\u00e2letname Bilgileri, E-Posta Adresi, \u0130kametg\u00e2h Adresi, Ev Telefonu Numaras\u0131, \u0130\u015f Telefonu Numaras\u0131, Cep Telefonu Numaras\u0131, \u0130\u015f Yeri Adresi, \u0130\u015f Yeri \u0130smi\/\u00dcnvan\u0131, KEP Adresi,\u00a0 Pozisyon\/Unvan Bilgileri, Adli Makamlarla Yaz\u0131\u015fmalardaki Bilgiler, \u0130dari Makamlarla Yaz\u0131\u015fmalardaki Bilgiler, Dava\u00a0Dosyas\u0131ndaki Bilgiler, \u0130htarname\/\u0130hbarname Kapsam\u0131ndaki Bilgiler, S\u00f6zle\u015fme Kapsam\u0131ndaki Bilgiler, \u00c7a\u011fr\u0131 Merkezi Kay\u0131tlar\u0131, Fatura, Senet, \u00c7ek Bilgileri, Talep Bilgisi, Banka Hesap Bilgileri.<br \/>\nAYSEL G\u00dcLLE HUKUK B\u00dcROSU Olarak M\u00fcvekkillerimiz Ad\u0131na Y\u00fcr\u00fctt\u00fc\u011f\u00fcm\u00fcz Dava ve \u0130cra S\u00fcre\u00e7lerimiz Kapsam\u0131nda Daval\u0131lar\u0131n\/Bor\u00e7lular\u0131n A\u015fa\u011f\u0131daki Bilgilerini \u0130\u015flemekteyiz:<br \/>\n\u0130sim, Soyisim, T.C. Kimlik Numaras\u0131, Yabanc\u0131 Kimlik Numaras\u0131, \u0130kametg\u00e2h Adresi, Cep Telefonu Numaras\u0131, Ev Telefonu Numaras\u0131, \u0130\u015f Telefonu Numaras\u0131, \u0130\u015f Yeri Adresi, \u0130\u015fyeri \u0130smi\/\u00dcnvan\u0131, Adli Makamlarla Yaz\u0131\u015fmalardaki Bilgiler,\u00a0\u0130dari Makamlarla Yaz\u0131\u015fmalardaki Bilgiler, Dava Dosyas\u0131ndaki Bilgiler, \u0130htarname\/\u0130hbarname Kapsam\u0131ndaki Bilgiler, S\u00f6zle\u015fme Kapsam\u0131ndaki Bilgiler, Maa\u015f Haczi vb. \u0130lgili Kay\u0131tlar, \u00c7a\u011fr\u0131 Merkezi Kay\u0131tlar\u0131, Fatura, Senet, \u00c7ek Bilgileri,\u00a0Banka Hesap Bilgileri, Malvarl\u0131\u011f\u0131 Bilgisi, Gelir Bilgileri.<br \/>\nAYSEL G\u00dcLLE HUKUK B\u00dcROSU Olarak Tedarik S\u00fcre\u00e7lerimiz Kapsam\u0131nda Tedarik\u00e7ilerimizin A\u015fa\u011f\u0131daki Ki\u015fisel Bilgilerini \u0130\u015flemekteyiz:<br \/>\n\u0130sim, Soyisim, E-Posta Adresi, \u0130\u015f Telefonu Numaras\u0131, Cep Telefonu Numaras\u0131, \u0130\u015f Yeri Adresi, \u0130\u015f Yeri \u0130smi\/\u00dcnvan\u0131, Vergi Kimlik Numaras\u0131, T.C Kimlik Numaras\u0131,\u00a0\u00a0\u0130mza Sirk\u00fcleri Bilgileri, \u0130mza, Vek\u00e2letname Bilgileri, Fatura, Senet, \u00c7ek\u00a0Bilgileri, Sipari\u015f bilgisi, Talep bilgisi, Banka Hesap Bilgileri.<\/p>\n<p><strong>B. Toplama Kanallar\u0131<\/strong><br \/>\nPotansiyel M\u00fcvekkil Taraf\u0131ndan Beyan Edilen Bilgi ve Belgeler, M\u00fcvekkil Taraf\u0131ndan Beyan Edilen Bilgi ve Belgeler, Daval\u0131\/Bor\u00e7lu Taraf\u0131ndan Beyan Edilen Bilgi ve Belgeler, Tedarik\u00e7i Taraf\u0131ndan Beyan Edilen Bilgi ve Belgeler\u00a0S\u00f6zle\u015fmeler, Mahkeme Kay\u0131tlar\u0131, Yasal Yaz\u0131\u015fmalar, Resm\u00ee Belgeler, Matbu ve Bas\u0131l\u0131 Formlar.<\/p>\n<p><strong>C. \u0130\u015fleme Ama\u00e7lar\u0131m\u0131z<\/strong><br \/>\nFaaliyetlerin Mevzuata Uygun Y\u00fcr\u00fct\u00fclmesi, \u0130leti\u015fim Faaliyetlerinin Y\u00fcr\u00fct\u00fclmesi, \u0130\u015f Faaliyetlerinin Y\u00fcr\u00fct\u00fclmesi\/Denetimi, Hizmet Sat\u0131\u015f S\u00fcre\u00e7lerinin Y\u00fcr\u00fct\u00fclmesi, S\u00f6zle\u015fme S\u00fcre\u00e7lerinin Y\u00fcr\u00fct\u00fclmesi, \u00dcr\u00fcn\/Hizmetlerin Pazarlama\u00a0S\u00fcre\u00e7lerinin Y\u00fcr\u00fct\u00fclmesi, Yetkili Ki\u015fi, Kurum Ve Kurulu\u015flara Bilgi Verilmesi, Y\u00f6netim Faaliyetlerinin Y\u00fcr\u00fct\u00fclmesi, Finans Ve Muhasebe \u0130\u015flerinin Y\u00fcr\u00fct\u00fclmesi, Firma\/\u00dcr\u00fcn\/Hizmetlere Ba\u011fl\u0131l\u0131k S\u00fcre\u00e7lerinin Y\u00fcr\u00fct\u00fclmesi, G\u00f6revlendirme\u00a0S\u00fcre\u00e7lerinin Y\u00fcr\u00fct\u00fclmesi, Hukuk \u0130\u015flerinin Takibi ve Y\u00fcr\u00fct\u00fclmesi, \u0130leti\u015fim Faaliyetlerinin Y\u00fcr\u00fct\u00fclmesi, \u0130\u015f S\u00fcre\u00e7lerinin \u0130yile\u015ftirilmesine Y\u00f6nelik \u00d6nerilerin Al\u0131nmas\u0131 ve De\u011ferlendirilmesi, \u0130\u015f S\u00fcreklili\u011finin Sa\u011flanmas\u0131 Faaliyetlerinin\u00a0Y\u00fcr\u00fct\u00fclmesi, M\u00fc\u015fteri \u0130li\u015fkileri Y\u00f6netimi S\u00fcre\u00e7lerinin Y\u00fcr\u00fct\u00fclmesi, Saklama ve Ar\u015fiv Faaliyetlerinin Y\u00fcr\u00fct\u00fclmesi, S\u00f6zle\u015fme S\u00fcre\u00e7lerinin Y\u00fcr\u00fct\u00fclmesi, Talep \/ \u015eik\u00e2yetlerin Takibi.<\/p>\n<p><strong>D. Hukuki Sebep<\/strong><br \/>\nS\u00f6zle\u015fme, Kanunlarda \u00d6ng\u00f6r\u00fclmesi, Hukuki Y\u00fck\u00fcml\u00fcl\u00fck, Me\u015fru Menfaat<\/p>\n<p><strong>E. Ki\u015fisel Verilerinizin Yurt \u0130\u00e7indeki 3. Ki\u015filere Aktar\u0131m\u0131<\/strong><br \/>\nKi\u015fisel verileriniz, yukar\u0131da say\u0131lan ama\u00e7lar ve hukuki sebepler kapsam\u0131nda Yetkili Kamu Kurum ve Kurulu\u015flar\u0131na ve Tedarik\u00e7ilerimize aktar\u0131labilecektir.<\/p>\n<p><strong>F. Ki\u015fisel Verilerinizin Yurt D\u0131\u015f\u0131ndaki 3. Ki\u015filere Aktar\u0131m\u0131.<\/strong><br \/>\nKi\u015fisel verileriniz, yurt d\u0131\u015f\u0131na aktar\u0131lmamaktad\u0131r.<\/p>\n<p><strong>G. Ki\u015fisel Verilerinizin Saklanma S\u00fcresi<\/strong><br \/>\nKi\u015fisel verileriniz, \u00f6ncelikle yasal mevzuatta belirlenen s\u00fcreler kadar saklanmaktad\u0131r. Yasal mevzuatta bir saklama s\u00fcresi\u00a0belirlenmemi\u015fse; ki\u015fisel verilerinizi i\u015fleme amac\u0131n\u0131n gerektirdi\u011fi s\u00fcre kadar saklamaktay\u0131z. Olas\u0131 bir mahkeme\u00a0talebinin veya kanunla yetkili k\u0131l\u0131nm\u0131\u015f bir idari merciinin ilgili veriye ili\u015fkin talebinin taraf\u0131m\u0131za ge\u00e7 ula\u015fmas\u0131 veya taraf\u0131 olabilece\u011fimiz bir ihtilaf\u0131n meydana gelmesi gibi ihtimaller g\u00f6zetilmek suretiyle, verilerinizin saklanmas\u0131 i\u00e7in varsa yasal mevzuatta yoksa i\u015fleme amac\u0131na g\u00f6re belirlenen s\u00fcrelere 6 ay ila 1 y\u0131l aras\u0131 bir s\u00fcre eklenerek verilerin saklama s\u00fcresi belirlenmekte ve belirlenen s\u00fcrenin sonunda s\u00f6z konusu veriler silinmektedir.<\/p>\n<p><strong>H. Ki\u015fisel Verilerinize \u0130li\u015fkin Haklar\u0131n\u0131z<\/strong><br \/>\nKi\u015fisel verilerinize ili\u015fkin, Ki\u015fisel verilerinizin i\u015flenip i\u015flenmedi\u011fini \u00f6\u011frenme,<br \/>\nKi\u015fisel verileriniz i\u015flenmi\u015fse buna ili\u015fkin bilgi talep etme, Ki\u015fisel verilerinizin i\u015flenme amac\u0131n\u0131 ve bunlar\u0131n amac\u0131na uygun kullan\u0131l\u0131p kullan\u0131lmad\u0131\u011f\u0131n\u0131 \u00f6\u011frenme, Yurt i\u00e7inde veya yurt d\u0131\u015f\u0131nda ki\u015fisel verilerinizin aktar\u0131ld\u0131\u011f\u0131 \u00fc\u00e7\u00fcnc\u00fc ki\u015fileri bilme, Ki\u015fisel verilerinizin eksik veya yanl\u0131\u015f i\u015flenmi\u015f olmas\u0131 halinde bunlar\u0131n d\u00fczeltilmesini isteme, KVKK mevzuat\u0131nda \u00f6ng\u00f6r\u00fclen \u015fartlar kapsam\u0131nda ki\u015fisel verilerinizin silinmesini veya yok edilmesini isteme, Eksik veya yanl\u0131\u015f verilerin d\u00fczeltilmesi ile ki\u015fisel verilerinizin silinmesi veya yok edilmesini talep etti\u011finizde, bu durumun ki\u015fisel verilerinizi aktard\u0131\u011f\u0131m\u0131z \u00fc\u00e7\u00fcnc\u00fc ki\u015filere bildirilmesini isteme, Ki\u015fisel verilerin kanuna ayk\u0131r\u0131 olarak i\u015flenmesi sebebiyle zarara u\u011framan\u0131z halinde bu zarar\u0131n giderilmesini talep etme haklar\u0131na sahipsiniz.<\/p>\n<p><strong>I. Ki\u015fisel Verilerinize \u0130li\u015fkin Haklar\u0131n\u0131z\u0131n Kullan\u0131m\u0131<\/strong><br \/>\nBa\u015fvurunuzun de\u011ferlendirilebilmesi i\u00e7in Veri Sorumlusuna Ba\u015fvuru Usul ve Esaslar\u0131 Hakk\u0131nda Tebli\u011f\u2019deki \u015fartlar\u0131 ta\u015f\u0131mas\u0131 gerekmektedir. \u0130lgili Tebli\u011f\u2019e www.resmigazete.gov.tr adresinden ula\u015fabilirsiniz.<br \/>\nKi\u015fisel verilerinize ili\u015fkin ba\u015fvuru ve taleplerinizi, ilgili Tebli\u011f\u2019deki \u015fartlar\u0131 ta\u015f\u0131mas\u0131 halinde:<br \/>\nIslak imzal\u0131 ve kimli\u011finizi do\u011frulamaya yetecek bilgiler ile info@agullehukuk.com adresimize g\u00f6ndererek, Islak imzal\u0131 ve kimli\u011finizi do\u011frulamaya yetecek bilgiler ile Abdi \u0130pek\u00e7i Caddesi, Bostan Sokak, No:15\/5 Ni\u015fanta\u015f\u0131-\u0130stanbul adresine g\u00f6ndererek, Ge\u00e7erli bir kimlik belgesi ile birlikte AYSEL G\u00dcLLE HUKUK B\u00dcROSU\u2019na bizzat ba\u015fvurarak,\u00a0AYSEL G\u00dcLLE HUKUK B\u00dcROSU\u2019na iletebilirsiniz.<\/p>\n<p><strong>J. Ki\u015fisel Verilerinize \u0130li\u015fkin Y\u00f6neltti\u011finiz Taleplerin Cevaplanma S\u00fcresi<\/strong><br \/>\nKi\u015fisel verilerinize ili\u015fkin talepleriniz, bize ula\u015ft\u0131\u011f\u0131 tarihten itibaren en ge\u00e7 30 g\u00fcn i\u00e7erisinde ba\u015fvurdu\u011funuz usulle cevaplan\u0131r.<\/p>\n","protected":false},"excerpt":{"rendered":"<p>AYSEL G\u00dcLLE HUKUK B\u00dcROSU K\u0130\u015e\u0130SEL VER\u0130LER\u0130N \u0130\u015eLENMES\u0130NE \u0130L\u0130\u015eK\u0130N AYDINLATMA METN\u0130 G\u00fcncelleme Tarihi: 11.4.2024 Veri Sorumlusu: AYSEL G\u00dcLLE HUKUK B\u00dcROSU, Abdi \u0130pek\u00e7i Caddesi, Bostan Sokak, No:15\/5 Ni\u015fanta\u015f\u0131-\u0130stanbul AYSEL G\u00dcLLE HUKUK B\u00dcROSU olarak hukuki faaliyetlerimiz kapsam\u0131nda i\u015fledi\u011fimiz ki\u015fisel veriler hakk\u0131nda sizleri 6698 say\u0131l\u0131 Ki\u015fisel Verilerin Korunmas\u0131 Kanunu (\u201cKVKK\u201d) ve di\u011fer ilgili veri koruma mevzuat\u0131 kapsam\u0131nda bilgilendirmek istiyoruz. [&hellip;]<\/p>\n","protected":false},"author":1,"featured_media":0,"parent":0,"menu_order":0,"comment_status":"closed","ping_status":"closed","template":"","meta":{"footnotes":""},"class_list":["post-7822","page","type-page","status-publish","hentry"],"_links":{"self":[{"href":"https:\/\/ayselgullehukuk.com\/en\/wp-json\/wp\/v2\/pages\/7822","targetHints":{"allow":["GET"]}}],"collection":[{"href":"https:\/\/ayselgullehukuk.com\/en\/wp-json\/wp\/v2\/pages"}],"about":[{"href":"https:\/\/ayselgullehukuk.com\/en\/wp-json\/wp\/v2\/types\/page"}],"author":[{"embeddable":true,"href":"https:\/\/ayselgullehukuk.com\/en\/wp-json\/wp\/v2\/users\/1"}],"replies":[{"embeddable":true,"href":"https:\/\/ayselgullehukuk.com\/en\/wp-json\/wp\/v2\/comments?post=7822"}],"version-history":[{"count":2,"href":"https:\/\/ayselgullehukuk.com\/en\/wp-json\/wp\/v2\/pages\/7822\/revisions"}],"predecessor-version":[{"id":7954,"href":"https:\/\/ayselgullehukuk.com\/en\/wp-json\/wp\/v2\/pages\/7822\/revisions\/7954"}],"wp:attachment":[{"href":"https:\/\/ayselgullehukuk.com\/en\/wp-json\/wp\/v2\/media?parent=7822"}],"curies":[{"name":"wp","href":"https:\/\/api.w.org\/{rel}","templated":true}]}}